{"id":1566,"date":"2021-06-17T20:21:33","date_gmt":"2021-06-17T20:21:33","guid":{"rendered":"https:\/\/staging.interamericancoalition-medtech.org\/regulatory-convergence\/respuesta-de-mexico\/"},"modified":"2021-07-08T18:56:39","modified_gmt":"2021-07-08T18:56:39","slug":"mexico-response","status":"publish","type":"page","link":"https:\/\/staging.interamericancoalition-medtech.org\/regulatory-convergence\/covid-19\/mexico-response\/?lang=es","title":{"rendered":"Respuesta de M\u00e9xico"},"content":{"rendered":"\n<p>El apoyo a nuestros miembros en situaciones cr\u00edticas como la pandemia por COVID-19 es uno de los roles m\u00e1s relevantes de la Coalici\u00f3n. La fabricaci\u00f3n de dispositivos y componentes m\u00e9dicos que se producen en los estados fronterizos de M\u00e9xico con los Estados Unidos de Am\u00e9rica es un elemento integral de la cadena de suministro de tecnolog\u00eda m\u00e9dica global que ha sido cr\u00edticamente impactada por la <a href=\"https:\/\/conamer.gob.mx\/respuestas-regulatorias-covid-19\/\" target=\"_blank\" rel=\"noreferrer noopener\">respuesta regulatoria mexicana al COVID-19<\/a>. La Coalici\u00f3n apoy\u00f3 a AdvaMed, AMID y las asociaciones de clusters de tecnolog\u00eda m\u00e9dica en los estados de Baja California, Sonora y Chihuahua para ayudar a superar las interrupciones de producci\u00f3n que han estado enfrentando con las inspecciones de las instalaciones a nivel estatal.<\/p>\n\n<p>AdvaMed, AMID, CANIFARMA, Baja\u2019s Medical Device Cluster y Bio El Paso-Ju\u00e1rez, con el apoyo de la Coalici\u00f3n, organizaron dos seminarios web que reunieron a 300 participantes y produjeron el documento referido a continuaci\u00f3n, para proporcionar a las empresas de tecnolog\u00eda m\u00e9dica y a sus proveedores una gu\u00eda para prepararse y aprobar inspecciones para mantener operaciones cr\u00edticas como industrias esenciales a lo largo de la desafiante situaci\u00f3n en esas ubicaciones.<\/p>\n\n<p class=\"mb-3\">Se puede descargar este documento haciendo <a href=\"http:\/\/staging.interamericancoalition-medtech.org\/regulatory-convergence\/wp-content\/uploads\/sites\/4\/2021\/06\/Mexico-Maquila-Inspection-Orientation-22May20.docx\">click aqu\u00ed<\/a> y en caso de que est\u00e9s interesado en obtener informaci\u00f3n adicional, <a href=\"https:\/\/staging.interamericancoalition-medtech.org\/regulatory-convergence\/la-coalicion\/contactanos\/?lang=es\">Cont\u00e1ctanos<\/a>.<\/p>\n\n<section class=\"wp-block-uagb-section uagb-section__wrap uagb-section__background-undefined uagb-block-38424bce\"><div class=\"uagb-section__overlay\"><\/div><div class=\"uagb-section__inner-wrap\">\n<h3 class=\"wp-block-heading has-text-align-center mb-2 has-normal-font-size\" id=\"regulatory-coalition-principal-members\">REGULATORY COALITION PRINCIPAL MEMBERS<\/h3>\n\n\n<style id=\"wp_carousel_dynamic_css118\">#sp-wp-carousel-free-id-118 .wpcp-swiper-dots {margin: 40px 0px 0px 0px;}.wpcp-wrapper-118 .swiper-wrapper .swiper-slide-kenburn, .wpcp-wrapper-118 .swiper-wrapper, .wpcp-wrapper-118 .wpcpro-row{align-items: center;}#sp-wp-carousel-free-id-118 .wpcp-single-item {box-shadow: 0px 0px 0px 0px #dddddd;transition: all .3s;margin: 0px;}#sp-wp-carousel-free-id-118.swiper-flip .wpcp-single-item{margin: 0!important;}#sp-wp-carousel-free-id-118 .wpcp-single-item:hover {box-shadow: 0px 0px 0px 0px #dddddd;}#sp-wp-carousel-free-id-118.sp-wpcp-118 .wpcp-single-item {border: 0px solid transparent;}#sp-wp-carousel-free-id-118.sp-wpcp-118 .swiper-button-prev,#sp-wp-carousel-free-id-118.sp-wpcp-118 .swiper-button-next,#sp-wp-carousel-free-id-118.sp-wpcp-118 .swiper-button-prev:hover,#sp-wp-carousel-free-id-118.sp-wpcp-118 .swiper-button-next:hover {background: none;border: none;font-size: 30px;}#sp-wp-carousel-free-id-118.sp-wpcp-118 .swiper-button-prev i,#sp-wp-carousel-free-id-118.sp-wpcp-118 .swiper-button-next i {color: #aaa;}#sp-wp-carousel-free-id-118.sp-wpcp-118 .swiper-button-prev i:hover,#sp-wp-carousel-free-id-118.sp-wpcp-118 .swiper-button-next i:hover {color: #52b3d9;}#sp-wp-carousel-free-id-118.sp-wpcp-118 .wpcp-swiper-dots .swiper-pagination-bullet {background-color: #cccccc;}#sp-wp-carousel-free-id-118.sp-wpcp-118 .wpcp-swiper-dots .swiper-pagination-bullet.swiper-pagination-bullet-active {background-color: #52b3d9;} #sp-wp-carousel-free-id-118.sp-wpcp-118.wpcp-image-carousel .wpcp-single-item:hover img, #sp-wp-carousel-free-id-118.sp-wpcp-118.wpcp-post-carousel .wpcp-single-item:hover img, #sp-wp-carousel-free-id-118.sp-wpcp-118.wpcp-product-carousel .wpcp-single-item:hover img{-webkit-transform: scale(1.2);-moz-transform: scale(1.2);transform: scale(1.2);}@media screen and (max-width: 479px) {#sp-wp-carousel-free-id-118.nav-vertical-center {padding: 0;margin:0;}#sp-wp-carousel-free-id-118.nav-vertical-center .wpcp-next-button,#sp-wp-carousel-free-id-118.nav-vertical-center .wpcp-prev-button {display: none;}}#sp-wp-carousel-free-id-118 .wpcpro-row>[class*=\"wpcpro-col-\"] { padding: 0 10px; padding-bottom: 20px;} #sp-wp-carousel-free-id-118 .swiper-slide .single-item-fade:not(:last-child) { margin-right: 20px;}@media (min-width: 480px) { .wpcpro-row .wpcpro-col-sm-1 { flex: 0 0 100%; max-width: 100%; } .wpcpro-row .wpcpro-col-sm-2 { flex: 0 0 50%; max-width: 50%; } .wpcpro-row .wpcpro-col-sm-2-5 { flex: 0 0 75%; max-width: 75%; } .wpcpro-row .wpcpro-col-sm-3 { flex: 0 0 33.333%; max-width: 33.333%; } .wpcpro-row .wpcpro-col-sm-4 { flex: 0 0 25%; max-width: 25%; } .wpcpro-row .wpcpro-col-sm-5 { flex: 0 0 20%; max-width: 20%; } .wpcpro-row .wpcpro-col-sm-6 { flex: 0 0 16.66666666666667%; max-width: 16.66666666666667%; } .wpcpro-row .wpcpro-col-sm-7 { flex: 0 0 14.28571428%; max-width: 14.28571428%; } .wpcpro-row .wpcpro-col-sm-8 { flex: 0 0 12.5%; max-width: 12.5%; } } @media (max-width: 480px) { .wpcpro-row .wpcpro-col-xs-1 { flex: 0 0 100%; max-width: 100%; } .wpcpro-row .wpcpro-col-xs-2 { flex: 0 0 50%; max-width: 50%; } .wpcpro-row .wpcpro-col-xs-3 { flex: 0 0 33.222%; max-width: 33.222%; } .wpcpro-row .wpcpro-col-xs-4 { flex: 0 0 25%; max-width: 25%; } .wpcpro-row .wpcpro-col-xs-5 { flex: 0 0 20%; max-width: 20%; } .wpcpro-row .wpcpro-col-xs-6 { flex: 0 0 16.6667%; max-width: 16.6667%; } .wpcpro-row .wpcpro-col-xs-7 { flex: 0 0 14.28571428%; max-width: 14.28571428%; } .wpcpro-row .wpcpro-col-xs-8 { flex: 0 0 12.5%; max-width: 12.5%; } } @media (min-width: 736px) { .wpcpro-row .wpcpro-col-md-1 { flex: 0 0 100%; max-width: 100%; } .wpcpro-row .wpcpro-col-md-2 { flex: 0 0 50%; max-width: 50%; } .wpcpro-row .wpcpro-col-md-2-5 { flex: 0 0 75%; max-width: 75%; } .wpcpro-row .wpcpro-col-md-3 { flex: 0 0 33.333%; max-width: 33.333%; } .wpcpro-row .wpcpro-col-md-4 { flex: 0 0 25%; max-width: 25%; } .wpcpro-row .wpcpro-col-md-5 { flex: 0 0 20%; max-width: 20%; } .wpcpro-row .wpcpro-col-md-6 { flex: 0 0 16.66666666666667%; max-width: 16.66666666666667%; } .wpcpro-row .wpcpro-col-md-7 { flex: 0 0 14.28571428%; max-width: 14.28571428%; } .wpcpro-row .wpcpro-col-md-8 { flex: 0 0 12.5%; max-width: 12.5%; } } @media (min-width: 980px) { .wpcpro-row .wpcpro-col-lg-1 { flex: 0 0 100%; max-width: 100%; } .wpcpro-row .wpcpro-col-lg-2 { flex: 0 0 50%; max-width: 50%; } .wpcpro-row .wpcpro-col-lg-3 { flex: 0 0 33.222%; max-width: 33.222%; } .wpcpro-row .wpcpro-col-lg-4 { flex: 0 0 25%; max-width: 25%; } .wpcpro-row .wpcpro-col-lg-5 { flex: 0 0 20%; max-width: 20%; } .wpcpro-row .wpcpro-col-lg-6 { flex: 0 0 16.6667%; max-width: 16.6667%; } .wpcpro-row .wpcpro-col-lg-7 { flex: 0 0 14.28571428%; max-width: 14.28571428%; } .wpcpro-row .wpcpro-col-lg-8 { flex: 0 0 12.5%; max-width: 12.5%; } } @media (min-width: 1200px) { .wpcpro-row .wpcpro-col-xl-1 { flex: 0 0 100%; max-width: 100%; } .wpcpro-row .wpcpro-col-xl-2 { flex: 0 0 50%; max-width: 50%; } .wpcpro-row .wpcpro-col-xl-3 { flex: 0 0 33.22222222%; max-width: 33.22222222%; } .wpcpro-row .wpcpro-col-xl-4 { flex: 0 0 25%; max-width: 25%; } .wpcpro-row .wpcpro-col-xl-5 { flex: 0 0 20%; max-width: 20%; } .wpcpro-row .wpcpro-col-xl-6 { flex: 0 0 16.66667%; max-width: 16.66667%; } .wpcpro-row .wpcpro-col-xl-7 { flex: 0 0 14.28571428%; max-width: 14.28571428%; } .wpcpro-row .wpcpro-col-xl-8 { flex: 0 0 12.5%; max-width: 12.5%; } }<\/style><div class=\"wpcp-carousel-wrapper wpcp-wrapper-118\">\n\t<div id=\"wpcp-preloader-118\" class=\"wpcp-carousel-preloader\"><img decoding=\"async\" src=\"https:\/\/staging.interamericancoalition-medtech.org\/regulatory-convergence\/wp-content\/plugins\/wp-carousel-free\/public\/css\/spinner.svg\" alt=\"Preloader Image\" \/><\/div>\t<div class=\"wpcp-carousel-content-wrapper\">\n\t<div id=\"sp-wp-carousel-free-id-118\" class=\"wpcp-carousel-section sp-wpcp-118  nav-vertical-center wpcp-image-carousel wpcp-preloader wpcp-standard\" data-swiper='{ &quot;accessibility&quot;:true, &quot;spaceBetween&quot;:20, &quot;arrows&quot;:true, &quot;freeMode&quot;: false, &quot;autoplay&quot;:true, &quot;effect&quot;: &quot;slide&quot;, &quot;centerMode&quot;: false, &quot;autoplaySpeed&quot;:3000, &quot;dots&quot;:true, &quot;infinite&quot;:true, &quot;speed&quot;:600, &quot;pauseOnHover&quot;:true,\n\t\t\t&quot;slidesToShow&quot;:{&quot;lg_desktop&quot;:4, &quot;desktop&quot;: 4, &quot;laptop&quot;: 3, &quot;tablet&quot;: 2, &quot;mobile&quot;: 1}, &quot;responsive&quot;:{&quot;desktop&quot;:1200, &quot;laptop&quot;: 980, &quot;tablet&quot;: 736, &quot;mobile&quot;: 480}, &quot;rtl&quot;:false, &quot;lazyLoad&quot;: &quot;false&quot;, &quot;swipe&quot;: true, &quot;draggable&quot;: true, &quot;swipeToSlide&quot;:false }' dir=\"ltr\">\n\t\t<div class=\"swiper-wrapper\">\n\t\t<div class=\"swiper-slide\">\n\t<div class=\"wpcp-single-item\">\n\t\t\t<div class=\"wpcp-slide-image\">\n\t\t<img loading=\"lazy\" decoding=\"async\" class=\"skip-lazy\" src=\"https:\/\/staging.interamericancoalition-medtech.org\/regulatory-convergence\/wp-content\/uploads\/sites\/4\/2021\/06\/member_caprodi.jpg\" alt=\"member_caprodi\" width=\"240\" height=\"78\">\t<\/div>\n\t\t<\/div>\n<\/div>\n\t<div class=\"swiper-slide\">\n\t<div class=\"wpcp-single-item\">\n\t\t\t<div class=\"wpcp-slide-image\">\n\t\t<img loading=\"lazy\" decoding=\"async\" class=\"skip-lazy\" src=\"https:\/\/staging.interamericancoalition-medtech.org\/regulatory-convergence\/wp-content\/uploads\/sites\/4\/2021\/06\/member_aladdiv.jpg\" alt=\"member_aladdiv\" width=\"216\" height=\"100\">\t<\/div>\n\t\t<\/div>\n<\/div>\n\t<div class=\"swiper-slide\">\n\t<div class=\"wpcp-single-item\">\n\t\t\t<div class=\"wpcp-slide-image\">\n\t\t<img loading=\"lazy\" decoding=\"async\" class=\"skip-lazy\" src=\"https:\/\/staging.interamericancoalition-medtech.org\/regulatory-convergence\/wp-content\/uploads\/sites\/4\/2021\/06\/member_adimech.jpg\" alt=\"member_adimech\" width=\"240\" height=\"42\">\t<\/div>\n\t\t<\/div>\n<\/div>\n\t<div class=\"swiper-slide\">\n\t<div class=\"wpcp-single-item\">\n\t\t\t<div class=\"wpcp-slide-image\">\n\t\t<img loading=\"lazy\" decoding=\"async\" class=\"skip-lazy\" src=\"https:\/\/staging.interamericancoalition-medtech.org\/regulatory-convergence\/wp-content\/uploads\/sites\/4\/2021\/06\/member_abraldi.jpg\" alt=\"member_abraldi\" width=\"76\" height=\"100\">\t<\/div>\n\t\t<\/div>\n<\/div>\n\t<div class=\"swiper-slide\">\n\t<div class=\"wpcp-single-item\">\n\t\t\t<div class=\"wpcp-slide-image\">\n\t\t<img loading=\"lazy\" decoding=\"async\" class=\"skip-lazy\" src=\"https:\/\/staging.interamericancoalition-medtech.org\/regulatory-convergence\/wp-content\/uploads\/sites\/4\/2021\/06\/member_abimed.jpg\" alt=\"member_abimed\" width=\"240\" height=\"92\">\t<\/div>\n\t\t<\/div>\n<\/div>\n\t<div class=\"swiper-slide\">\n\t<div class=\"wpcp-single-item\">\n\t\t\t<div class=\"wpcp-slide-image\">\n\t\t<img loading=\"lazy\" decoding=\"async\" class=\"skip-lazy\" src=\"https:\/\/staging.interamericancoalition-medtech.org\/regulatory-convergence\/wp-content\/uploads\/sites\/4\/2021\/06\/member_abiis.jpg\" alt=\"member_abiis\" width=\"240\" height=\"38\">\t<\/div>\n\t\t<\/div>\n<\/div>\n\t<div class=\"swiper-slide\">\n\t<div class=\"wpcp-single-item\">\n\t\t\t<div class=\"wpcp-slide-image\">\n\t\t<img loading=\"lazy\" decoding=\"async\" class=\"skip-lazy\" src=\"https:\/\/staging.interamericancoalition-medtech.org\/regulatory-convergence\/wp-content\/uploads\/sites\/4\/2021\/06\/member_medtech_canada.jpg\" alt=\"member_medtech_canada\" width=\"229\" height=\"100\">\t<\/div>\n\t\t<\/div>\n<\/div>\n\t<div class=\"swiper-slide\">\n\t<div class=\"wpcp-single-item\">\n\t\t\t<div class=\"wpcp-slide-image\">\n\t\t<img loading=\"lazy\" decoding=\"async\" class=\"skip-lazy\" src=\"https:\/\/staging.interamericancoalition-medtech.org\/regulatory-convergence\/wp-content\/uploads\/sites\/4\/2021\/06\/member_comsalud.jpg\" alt=\"member_comsalud\" width=\"240\" height=\"79\">\t<\/div>\n\t\t<\/div>\n<\/div>\n\t<div class=\"swiper-slide\">\n\t<div class=\"wpcp-single-item\">\n\t\t\t<div class=\"wpcp-slide-image\">\n\t\t<img loading=\"lazy\" decoding=\"async\" class=\"skip-lazy\" src=\"https:\/\/staging.interamericancoalition-medtech.org\/regulatory-convergence\/wp-content\/uploads\/sites\/4\/2021\/06\/member_cadiem.jpg\" alt=\"member_cadiem\" width=\"240\" height=\"79\">\t<\/div>\n\t\t<\/div>\n<\/div>\n\t<div class=\"swiper-slide\">\n\t<div class=\"wpcp-single-item\">\n\t\t\t<div class=\"wpcp-slide-image\">\n\t\t<img loading=\"lazy\" decoding=\"async\" class=\"skip-lazy\" src=\"https:\/\/staging.interamericancoalition-medtech.org\/regulatory-convergence\/wp-content\/uploads\/sites\/4\/2021\/06\/member_cbdl.jpg\" alt=\"member_cbdl\" width=\"240\" height=\"84\">\t<\/div>\n\t\t<\/div>\n<\/div>\n\t<div class=\"swiper-slide\">\n\t<div class=\"wpcp-single-item\">\n\t\t\t<div class=\"wpcp-slide-image\">\n\t\t<img loading=\"lazy\" decoding=\"async\" class=\"skip-lazy\" src=\"https:\/\/staging.interamericancoalition-medtech.org\/regulatory-convergence\/wp-content\/uploads\/sites\/4\/2021\/06\/member_avedem.jpg\" alt=\"member_avedem\" width=\"240\" height=\"52\">\t<\/div>\n\t\t<\/div>\n<\/div>\n\t<div class=\"swiper-slide\">\n\t<div class=\"wpcp-single-item\">\n\t\t\t<div class=\"wpcp-slide-image\">\n\t\t<img loading=\"lazy\" decoding=\"async\" class=\"skip-lazy\" src=\"https:\/\/staging.interamericancoalition-medtech.org\/regulatory-convergence\/wp-content\/uploads\/sites\/4\/2021\/06\/member_asedim-1.jpg\" alt=\"member_asedim\" width=\"240\" height=\"100\">\t<\/div>\n\t\t<\/div>\n<\/div>\n\t<div class=\"swiper-slide\">\n\t<div class=\"wpcp-single-item\">\n\t\t\t<div class=\"wpcp-slide-image\">\n\t\t<img loading=\"lazy\" decoding=\"async\" class=\"skip-lazy\" src=\"https:\/\/staging.interamericancoalition-medtech.org\/regulatory-convergence\/wp-content\/uploads\/sites\/4\/2021\/06\/member_apis.jpg\" alt=\"member_apis\" width=\"240\" height=\"99\">\t<\/div>\n\t\t<\/div>\n<\/div>\n\t<div class=\"swiper-slide\">\n\t<div class=\"wpcp-single-item\">\n\t\t\t<div class=\"wpcp-slide-image\">\n\t\t<img loading=\"lazy\" decoding=\"async\" class=\"skip-lazy\" src=\"https:\/\/staging.interamericancoalition-medtech.org\/regulatory-convergence\/wp-content\/uploads\/sites\/4\/2021\/06\/member_andi.jpg\" alt=\"member_andi\" width=\"240\" height=\"64\">\t<\/div>\n\t\t<\/div>\n<\/div>\n\t<div class=\"swiper-slide\">\n\t<div class=\"wpcp-single-item\">\n\t\t\t<div class=\"wpcp-slide-image\">\n\t\t<img loading=\"lazy\" decoding=\"async\" class=\"skip-lazy\" src=\"https:\/\/staging.interamericancoalition-medtech.org\/regulatory-convergence\/wp-content\/uploads\/sites\/4\/2021\/06\/member_aldimed.jpg\" alt=\"member_aldimed\" width=\"240\" height=\"39\">\t<\/div>\n\t\t<\/div>\n<\/div>\n\t<div class=\"swiper-slide\">\n\t<div class=\"wpcp-single-item\">\n\t\t\t<div class=\"wpcp-slide-image\">\n\t\t<img loading=\"lazy\" decoding=\"async\" class=\"skip-lazy\" src=\"https:\/\/staging.interamericancoalition-medtech.org\/regulatory-convergence\/wp-content\/uploads\/sites\/4\/2021\/06\/member_amid.jpg\" alt=\"member_amid\" width=\"240\" height=\"98\">\t<\/div>\n\t\t<\/div>\n<\/div>\n\t<div class=\"swiper-slide\">\n\t<div class=\"wpcp-single-item\">\n\t\t\t<div class=\"wpcp-slide-image\">\n\t\t<img loading=\"lazy\" decoding=\"async\" class=\"skip-lazy\" src=\"https:\/\/staging.interamericancoalition-medtech.org\/regulatory-convergence\/wp-content\/uploads\/sites\/4\/2021\/06\/member_advamed.jpg\" alt=\"member_advamed\" width=\"240\" height=\"65\">\t<\/div>\n\t\t<\/div>\n<\/div>\n\t\t\t<\/div>\n\t\t\t\t\t<div class=\"wpcp-swiper-dots swiper-pagination\"><\/div>\n\t\t\t\t<!-- If we need navigation buttons -->\n\t\t\t\t\t<div class=\"wpcp-prev-button swiper-button-prev\"><i class=\"fa fa-angle-left\"><\/i><\/div>\n\t\t\t<div class=\"wpcp-next-button swiper-button-next\"><i class=\"fa fa-angle-right\"><\/i><\/div>\n\t\t\t<\/div>\n\t<\/div>\n<\/div>\n\n<\/div><\/section>\n","protected":false},"excerpt":{"rendered":"<p>El apoyo a nuestros miembros en situaciones cr\u00edticas como la pandemia por COVID-19 es uno de los roles m\u00e1s relevantes de la Coalici\u00f3n. La fabricaci\u00f3n de dispositivos y componentes m\u00e9dicos que se producen en los estados fronterizos de M\u00e9xico con los Estados Unidos de Am\u00e9rica es un elemento integral de la cadena de suministro de&hellip;<\/p>\n","protected":false},"author":1,"featured_media":0,"parent":1782,"menu_order":4,"comment_status":"closed","ping_status":"closed","template":"","meta":{"_acf_changed":false,"ub_ctt_via":"","footnotes":""},"class_list":["post-1566","page","type-page","status-publish","hentry","description-off"],"acf":[],"featured_image_src":null,"yoast_head":"<!-- This site is optimized with the Yoast SEO plugin v24.4 - https:\/\/yoast.com\/wordpress\/plugins\/seo\/ -->\n<title>Respuesta de M\u00e9xico - Regulatory Convergence<\/title>\n<meta name=\"robots\" content=\"index, follow, max-snippet:-1, max-image-preview:large, max-video-preview:-1\" \/>\n<link rel=\"canonical\" href=\"https:\/\/staging.interamericancoalition-medtech.org\/regulatory-convergence\/covid-19\/mexico-response\/?lang=es\" \/>\n<meta property=\"og:locale\" content=\"en_US\" \/>\n<meta property=\"og:type\" content=\"article\" \/>\n<meta property=\"og:title\" content=\"Respuesta de M\u00e9xico - Regulatory Convergence\" \/>\n<meta property=\"og:description\" content=\"El apoyo a nuestros miembros en situaciones cr\u00edticas como la pandemia por COVID-19 es uno de los roles m\u00e1s relevantes de la Coalici\u00f3n. La fabricaci\u00f3n de dispositivos y componentes m\u00e9dicos que se producen en los estados fronterizos de M\u00e9xico con los Estados Unidos de Am\u00e9rica es un elemento integral de la cadena de suministro de&hellip;\" \/>\n<meta property=\"og:url\" content=\"https:\/\/staging.interamericancoalition-medtech.org\/regulatory-convergence\/covid-19\/mexico-response\/?lang=es\" \/>\n<meta property=\"og:site_name\" content=\"Regulatory Convergence\" \/>\n<meta property=\"article:modified_time\" content=\"2021-07-08T18:56:39+00:00\" \/>\n<meta name=\"twitter:card\" content=\"summary_large_image\" \/>\n<meta name=\"twitter:label1\" content=\"Est. reading time\" \/>\n\t<meta name=\"twitter:data1\" content=\"1 minute\" \/>\n<script type=\"application\/ld+json\" class=\"yoast-schema-graph\">{\"@context\":\"https:\/\/schema.org\",\"@graph\":[{\"@type\":\"WebPage\",\"@id\":\"https:\/\/staging.interamericancoalition-medtech.org\/regulatory-convergence\/covid-19\/mexico-response\/?lang=es\",\"url\":\"https:\/\/staging.interamericancoalition-medtech.org\/regulatory-convergence\/covid-19\/mexico-response\/?lang=es\",\"name\":\"Respuesta de M\u00e9xico - Regulatory Convergence\",\"isPartOf\":{\"@id\":\"https:\/\/staging.interamericancoalition-medtech.org\/regulatory-convergence\/?lang=es\/#website\"},\"datePublished\":\"2021-06-17T20:21:33+00:00\",\"dateModified\":\"2021-07-08T18:56:39+00:00\",\"breadcrumb\":{\"@id\":\"https:\/\/staging.interamericancoalition-medtech.org\/regulatory-convergence\/covid-19\/mexico-response\/?lang=es#breadcrumb\"},\"inLanguage\":\"en-US\",\"potentialAction\":[{\"@type\":\"ReadAction\",\"target\":[\"https:\/\/staging.interamericancoalition-medtech.org\/regulatory-convergence\/covid-19\/mexico-response\/?lang=es\"]}]},{\"@type\":\"BreadcrumbList\",\"@id\":\"https:\/\/staging.interamericancoalition-medtech.org\/regulatory-convergence\/covid-19\/mexico-response\/?lang=es#breadcrumb\",\"itemListElement\":[{\"@type\":\"ListItem\",\"position\":1,\"name\":\"Home\",\"item\":\"https:\/\/staging.interamericancoalition-medtech.org\/regulatory-convergence\/\"},{\"@type\":\"ListItem\",\"position\":2,\"name\":\"COVID-19\",\"item\":\"https:\/\/staging.interamericancoalition-medtech.org\/regulatory-convergence\/covid-19\/?lang=es\"},{\"@type\":\"ListItem\",\"position\":3,\"name\":\"Respuesta de M\u00e9xico\"}]},{\"@type\":\"WebSite\",\"@id\":\"https:\/\/staging.interamericancoalition-medtech.org\/regulatory-convergence\/?lang=es\/#website\",\"url\":\"https:\/\/staging.interamericancoalition-medtech.org\/regulatory-convergence\/?lang=es\/\",\"name\":\"Regulatory Convergence\",\"description\":\"Inter-American Coalition\",\"potentialAction\":[{\"@type\":\"SearchAction\",\"target\":{\"@type\":\"EntryPoint\",\"urlTemplate\":\"https:\/\/staging.interamericancoalition-medtech.org\/regulatory-convergence\/?lang=es\/?s={search_term_string}\"},\"query-input\":{\"@type\":\"PropertyValueSpecification\",\"valueRequired\":true,\"valueName\":\"search_term_string\"}}],\"inLanguage\":\"en-US\"}]}<\/script>\n<!-- \/ Yoast SEO plugin. -->","yoast_head_json":{"title":"Respuesta de M\u00e9xico - Regulatory Convergence","robots":{"index":"index","follow":"follow","max-snippet":"max-snippet:-1","max-image-preview":"max-image-preview:large","max-video-preview":"max-video-preview:-1"},"canonical":"https:\/\/staging.interamericancoalition-medtech.org\/regulatory-convergence\/covid-19\/mexico-response\/?lang=es","og_locale":"en_US","og_type":"article","og_title":"Respuesta de M\u00e9xico - Regulatory Convergence","og_description":"El apoyo a nuestros miembros en situaciones cr\u00edticas como la pandemia por COVID-19 es uno de los roles m\u00e1s relevantes de la Coalici\u00f3n. La fabricaci\u00f3n de dispositivos y componentes m\u00e9dicos que se producen en los estados fronterizos de M\u00e9xico con los Estados Unidos de Am\u00e9rica es un elemento integral de la cadena de suministro de&hellip;","og_url":"https:\/\/staging.interamericancoalition-medtech.org\/regulatory-convergence\/covid-19\/mexico-response\/?lang=es","og_site_name":"Regulatory Convergence","article_modified_time":"2021-07-08T18:56:39+00:00","twitter_card":"summary_large_image","twitter_misc":{"Est. reading time":"1 minute"},"schema":{"@context":"https:\/\/schema.org","@graph":[{"@type":"WebPage","@id":"https:\/\/staging.interamericancoalition-medtech.org\/regulatory-convergence\/covid-19\/mexico-response\/?lang=es","url":"https:\/\/staging.interamericancoalition-medtech.org\/regulatory-convergence\/covid-19\/mexico-response\/?lang=es","name":"Respuesta de M\u00e9xico - Regulatory Convergence","isPartOf":{"@id":"https:\/\/staging.interamericancoalition-medtech.org\/regulatory-convergence\/?lang=es\/#website"},"datePublished":"2021-06-17T20:21:33+00:00","dateModified":"2021-07-08T18:56:39+00:00","breadcrumb":{"@id":"https:\/\/staging.interamericancoalition-medtech.org\/regulatory-convergence\/covid-19\/mexico-response\/?lang=es#breadcrumb"},"inLanguage":"en-US","potentialAction":[{"@type":"ReadAction","target":["https:\/\/staging.interamericancoalition-medtech.org\/regulatory-convergence\/covid-19\/mexico-response\/?lang=es"]}]},{"@type":"BreadcrumbList","@id":"https:\/\/staging.interamericancoalition-medtech.org\/regulatory-convergence\/covid-19\/mexico-response\/?lang=es#breadcrumb","itemListElement":[{"@type":"ListItem","position":1,"name":"Home","item":"https:\/\/staging.interamericancoalition-medtech.org\/regulatory-convergence\/"},{"@type":"ListItem","position":2,"name":"COVID-19","item":"https:\/\/staging.interamericancoalition-medtech.org\/regulatory-convergence\/covid-19\/?lang=es"},{"@type":"ListItem","position":3,"name":"Respuesta de M\u00e9xico"}]},{"@type":"WebSite","@id":"https:\/\/staging.interamericancoalition-medtech.org\/regulatory-convergence\/?lang=es\/#website","url":"https:\/\/staging.interamericancoalition-medtech.org\/regulatory-convergence\/?lang=es\/","name":"Regulatory Convergence","description":"Inter-American Coalition","potentialAction":[{"@type":"SearchAction","target":{"@type":"EntryPoint","urlTemplate":"https:\/\/staging.interamericancoalition-medtech.org\/regulatory-convergence\/?lang=es\/?s={search_term_string}"},"query-input":{"@type":"PropertyValueSpecification","valueRequired":true,"valueName":"search_term_string"}}],"inLanguage":"en-US"}]}},"uagb_featured_image_src":{"full":false,"thumbnail":false,"medium":false,"medium_large":false,"large":false,"1536x1536":false,"2048x2048":false},"uagb_author_info":{"display_name":"Guilherme Guain","author_link":"https:\/\/staging.interamericancoalition-medtech.org\/regulatory-convergence\/author\/guilherme-guain\/"},"uagb_comment_info":0,"uagb_excerpt":"El apoyo a nuestros miembros en situaciones cr\u00edticas como la pandemia por COVID-19 es uno de los roles m\u00e1s relevantes de la Coalici\u00f3n. La fabricaci\u00f3n de dispositivos y componentes m\u00e9dicos que se producen en los estados fronterizos de M\u00e9xico con los Estados Unidos de Am\u00e9rica es un elemento integral de la cadena de suministro de&hellip;","_links":{"self":[{"href":"https:\/\/staging.interamericancoalition-medtech.org\/regulatory-convergence\/wp-json\/wp\/v2\/pages\/1566","targetHints":{"allow":["GET"]}}],"collection":[{"href":"https:\/\/staging.interamericancoalition-medtech.org\/regulatory-convergence\/wp-json\/wp\/v2\/pages"}],"about":[{"href":"https:\/\/staging.interamericancoalition-medtech.org\/regulatory-convergence\/wp-json\/wp\/v2\/types\/page"}],"author":[{"embeddable":true,"href":"https:\/\/staging.interamericancoalition-medtech.org\/regulatory-convergence\/wp-json\/wp\/v2\/users\/1"}],"replies":[{"embeddable":true,"href":"https:\/\/staging.interamericancoalition-medtech.org\/regulatory-convergence\/wp-json\/wp\/v2\/comments?post=1566"}],"version-history":[{"count":1,"href":"https:\/\/staging.interamericancoalition-medtech.org\/regulatory-convergence\/wp-json\/wp\/v2\/pages\/1566\/revisions"}],"predecessor-version":[{"id":1567,"href":"https:\/\/staging.interamericancoalition-medtech.org\/regulatory-convergence\/wp-json\/wp\/v2\/pages\/1566\/revisions\/1567"}],"up":[{"embeddable":true,"href":"https:\/\/staging.interamericancoalition-medtech.org\/regulatory-convergence\/wp-json\/wp\/v2\/pages\/1782"}],"wp:attachment":[{"href":"https:\/\/staging.interamericancoalition-medtech.org\/regulatory-convergence\/wp-json\/wp\/v2\/media?parent=1566"}],"curies":[{"name":"wp","href":"https:\/\/api.w.org\/{rel}","templated":true}]}}