{"id":1786,"date":"2021-06-18T13:11:44","date_gmt":"2021-06-18T13:11:44","guid":{"rendered":"https:\/\/staging.interamericancoalition-medtech.org\/regulatory-convergence\/proyectos\/"},"modified":"2021-07-12T17:53:54","modified_gmt":"2021-07-12T17:53:54","slug":"projects","status":"publish","type":"page","link":"https:\/\/staging.interamericancoalition-medtech.org\/regulatory-convergence\/projects\/?lang=es","title":{"rendered":"Proyectos"},"content":{"rendered":"\n<p>Alineados con la Visi\u00f3n y Misi\u00f3n de la Coalici\u00f3n, implementamos diversos proyectos relacionados con el avance de los procesos de convergencia regulatoria en toda la regi\u00f3n.<\/p>\n\n\n\n<p>En esta secci\u00f3n encontrar\u00e1s informaci\u00f3n \u00fatil sobre los siguientes temas:<\/p>\n\n\n\n<div class=\"wp-block-uagb-icon-list uagb-icon-list__outer-wrap uagb-icon-list__layout-vertical uagb-icon-list__icon-at-top uagb-block-b30f5f57 mb-3\"><div class=\"uagb-icon-list__wrap\">\n<div class=\"wp-block-uagb-icon-list-child uagb-icon-list-repeater uagb-icon-list__wrapper uagb-block-573d562b\"><a target=\"_self\" aria-label=\"Alianza por las Normas\" rel=\"noopener noreferrer\" href=\"\/regulatory-convergence\/projects\/standards-alliance\/?lang=es\"><\/a><div class=\"uagb-icon-list__content-wrap\"><span class=\"uagb-icon-list__source-wrap\"><span class=\"uagb-icon-list__source-icon\"><svg xmlns=\"http:\/\/www.w3.org\/2000\/svg\" viewbox=\"0 0 512 512\"><path d=\"M256 8c137 0 248 111 248 248S393 504 256 504 8 393 8 256 119 8 256 8zm113.9 231L234.4 103.5c-9.4-9.4-24.6-9.4-33.9 0l-17 17c-9.4 9.4-9.4 24.6 0 33.9L285.1 256 183.5 357.6c-9.4 9.4-9.4 24.6 0 33.9l17 17c9.4 9.4 24.6 9.4 33.9 0L369.9 273c9.4-9.4 9.4-24.6 0-34z\"><\/path><\/svg><\/span><\/span><div class=\"uagb-icon-list__label-wrap\"><span class=\"uagb-icon-list__label\">Alianza por las Normas<\/span><\/div><\/div><\/div>\n<\/div><\/div>\n\n\n\n<section class=\"wp-block-uagb-section uagb-section__wrap uagb-section__background-undefined uagb-block-38424bce\"><div class=\"uagb-section__overlay\"><\/div><div class=\"uagb-section__inner-wrap\">\n<h3 class=\"wp-block-heading has-text-align-center mb-2 has-normal-font-size\" id=\"regulatory-coalition-principal-members\">REGULATORY COALITION PRINCIPAL MEMBERS<\/h3>\n\n\n<style id=\"wp_carousel_dynamic_css118\">#sp-wp-carousel-free-id-118 .wpcp-swiper-dots {margin: 40px 0px 0px 0px;}.wpcp-wrapper-118 .swiper-wrapper .swiper-slide-kenburn, .wpcp-wrapper-118 .swiper-wrapper, .wpcp-wrapper-118 .wpcpro-row{align-items: center;}#sp-wp-carousel-free-id-118 .wpcp-single-item {box-shadow: 0px 0px 0px 0px #dddddd;transition: all .3s;margin: 0px;}#sp-wp-carousel-free-id-118.swiper-flip .wpcp-single-item{margin: 0!important;}#sp-wp-carousel-free-id-118 .wpcp-single-item:hover {box-shadow: 0px 0px 0px 0px #dddddd;}#sp-wp-carousel-free-id-118.sp-wpcp-118 .wpcp-single-item {border: 0px solid transparent;}#sp-wp-carousel-free-id-118.sp-wpcp-118 .swiper-button-prev,#sp-wp-carousel-free-id-118.sp-wpcp-118 .swiper-button-next,#sp-wp-carousel-free-id-118.sp-wpcp-118 .swiper-button-prev:hover,#sp-wp-carousel-free-id-118.sp-wpcp-118 .swiper-button-next:hover {background: none;border: none;font-size: 30px;}#sp-wp-carousel-free-id-118.sp-wpcp-118 .swiper-button-prev i,#sp-wp-carousel-free-id-118.sp-wpcp-118 .swiper-button-next i {color: #aaa;}#sp-wp-carousel-free-id-118.sp-wpcp-118 .swiper-button-prev i:hover,#sp-wp-carousel-free-id-118.sp-wpcp-118 .swiper-button-next i:hover {color: #52b3d9;}#sp-wp-carousel-free-id-118.sp-wpcp-118 .wpcp-swiper-dots .swiper-pagination-bullet {background-color: #cccccc;}#sp-wp-carousel-free-id-118.sp-wpcp-118 .wpcp-swiper-dots .swiper-pagination-bullet.swiper-pagination-bullet-active {background-color: #52b3d9;} #sp-wp-carousel-free-id-118.sp-wpcp-118.wpcp-image-carousel .wpcp-single-item:hover img, #sp-wp-carousel-free-id-118.sp-wpcp-118.wpcp-post-carousel .wpcp-single-item:hover img, #sp-wp-carousel-free-id-118.sp-wpcp-118.wpcp-product-carousel .wpcp-single-item:hover img{-webkit-transform: scale(1.2);-moz-transform: scale(1.2);transform: scale(1.2);}@media screen and (max-width: 479px) {#sp-wp-carousel-free-id-118.nav-vertical-center {padding: 0;margin:0;}#sp-wp-carousel-free-id-118.nav-vertical-center .wpcp-next-button,#sp-wp-carousel-free-id-118.nav-vertical-center .wpcp-prev-button {display: none;}}#sp-wp-carousel-free-id-118 .wpcpro-row>[class*=\"wpcpro-col-\"] { padding: 0 10px; padding-bottom: 20px;} #sp-wp-carousel-free-id-118 .swiper-slide .single-item-fade:not(:last-child) { margin-right: 20px;}@media (min-width: 480px) { .wpcpro-row .wpcpro-col-sm-1 { flex: 0 0 100%; max-width: 100%; } .wpcpro-row .wpcpro-col-sm-2 { flex: 0 0 50%; max-width: 50%; } .wpcpro-row .wpcpro-col-sm-2-5 { flex: 0 0 75%; max-width: 75%; } .wpcpro-row .wpcpro-col-sm-3 { flex: 0 0 33.333%; max-width: 33.333%; } .wpcpro-row .wpcpro-col-sm-4 { flex: 0 0 25%; max-width: 25%; } .wpcpro-row .wpcpro-col-sm-5 { flex: 0 0 20%; max-width: 20%; } .wpcpro-row .wpcpro-col-sm-6 { flex: 0 0 16.66666666666667%; max-width: 16.66666666666667%; } .wpcpro-row .wpcpro-col-sm-7 { flex: 0 0 14.28571428%; max-width: 14.28571428%; } .wpcpro-row .wpcpro-col-sm-8 { flex: 0 0 12.5%; max-width: 12.5%; } } @media (max-width: 480px) { .wpcpro-row .wpcpro-col-xs-1 { flex: 0 0 100%; max-width: 100%; } .wpcpro-row .wpcpro-col-xs-2 { flex: 0 0 50%; max-width: 50%; } .wpcpro-row .wpcpro-col-xs-3 { flex: 0 0 33.222%; max-width: 33.222%; } .wpcpro-row .wpcpro-col-xs-4 { flex: 0 0 25%; max-width: 25%; } .wpcpro-row .wpcpro-col-xs-5 { flex: 0 0 20%; max-width: 20%; } .wpcpro-row .wpcpro-col-xs-6 { flex: 0 0 16.6667%; max-width: 16.6667%; } .wpcpro-row .wpcpro-col-xs-7 { flex: 0 0 14.28571428%; max-width: 14.28571428%; } .wpcpro-row .wpcpro-col-xs-8 { flex: 0 0 12.5%; max-width: 12.5%; } } @media (min-width: 736px) { .wpcpro-row .wpcpro-col-md-1 { flex: 0 0 100%; max-width: 100%; } .wpcpro-row .wpcpro-col-md-2 { flex: 0 0 50%; max-width: 50%; } .wpcpro-row .wpcpro-col-md-2-5 { flex: 0 0 75%; max-width: 75%; } .wpcpro-row .wpcpro-col-md-3 { flex: 0 0 33.333%; max-width: 33.333%; } .wpcpro-row .wpcpro-col-md-4 { flex: 0 0 25%; max-width: 25%; } .wpcpro-row .wpcpro-col-md-5 { flex: 0 0 20%; max-width: 20%; } .wpcpro-row .wpcpro-col-md-6 { flex: 0 0 16.66666666666667%; max-width: 16.66666666666667%; } .wpcpro-row .wpcpro-col-md-7 { flex: 0 0 14.28571428%; max-width: 14.28571428%; } .wpcpro-row .wpcpro-col-md-8 { flex: 0 0 12.5%; max-width: 12.5%; } } @media (min-width: 980px) { .wpcpro-row .wpcpro-col-lg-1 { flex: 0 0 100%; max-width: 100%; } .wpcpro-row .wpcpro-col-lg-2 { flex: 0 0 50%; max-width: 50%; } .wpcpro-row .wpcpro-col-lg-3 { flex: 0 0 33.222%; max-width: 33.222%; } .wpcpro-row .wpcpro-col-lg-4 { flex: 0 0 25%; max-width: 25%; } .wpcpro-row .wpcpro-col-lg-5 { flex: 0 0 20%; max-width: 20%; } .wpcpro-row .wpcpro-col-lg-6 { flex: 0 0 16.6667%; max-width: 16.6667%; } .wpcpro-row .wpcpro-col-lg-7 { flex: 0 0 14.28571428%; max-width: 14.28571428%; } .wpcpro-row .wpcpro-col-lg-8 { flex: 0 0 12.5%; max-width: 12.5%; } } @media (min-width: 1200px) { .wpcpro-row .wpcpro-col-xl-1 { flex: 0 0 100%; max-width: 100%; } .wpcpro-row .wpcpro-col-xl-2 { flex: 0 0 50%; max-width: 50%; } .wpcpro-row .wpcpro-col-xl-3 { flex: 0 0 33.22222222%; max-width: 33.22222222%; } .wpcpro-row .wpcpro-col-xl-4 { flex: 0 0 25%; max-width: 25%; } .wpcpro-row .wpcpro-col-xl-5 { flex: 0 0 20%; max-width: 20%; } .wpcpro-row .wpcpro-col-xl-6 { flex: 0 0 16.66667%; max-width: 16.66667%; } .wpcpro-row .wpcpro-col-xl-7 { flex: 0 0 14.28571428%; max-width: 14.28571428%; } .wpcpro-row .wpcpro-col-xl-8 { flex: 0 0 12.5%; max-width: 12.5%; } }<\/style><div class=\"wpcp-carousel-wrapper wpcp-wrapper-118\">\n\t<div id=\"wpcp-preloader-118\" class=\"wpcp-carousel-preloader\"><img decoding=\"async\" src=\"https:\/\/staging.interamericancoalition-medtech.org\/regulatory-convergence\/wp-content\/plugins\/wp-carousel-free\/public\/css\/spinner.svg\" alt=\"Preloader Image\" \/><\/div>\t<div class=\"wpcp-carousel-content-wrapper\">\n\t<div id=\"sp-wp-carousel-free-id-118\" class=\"wpcp-carousel-section sp-wpcp-118  nav-vertical-center wpcp-image-carousel wpcp-preloader wpcp-standard\" data-swiper='{ &quot;accessibility&quot;:true, &quot;spaceBetween&quot;:20, &quot;arrows&quot;:true, &quot;freeMode&quot;: false, &quot;autoplay&quot;:true, &quot;effect&quot;: &quot;slide&quot;, &quot;centerMode&quot;: false, &quot;autoplaySpeed&quot;:3000, &quot;dots&quot;:true, &quot;infinite&quot;:true, &quot;speed&quot;:600, &quot;pauseOnHover&quot;:true,\n\t\t\t&quot;slidesToShow&quot;:{&quot;lg_desktop&quot;:4, &quot;desktop&quot;: 4, &quot;laptop&quot;: 3, &quot;tablet&quot;: 2, &quot;mobile&quot;: 1}, &quot;responsive&quot;:{&quot;desktop&quot;:1200, &quot;laptop&quot;: 980, &quot;tablet&quot;: 736, &quot;mobile&quot;: 480}, &quot;rtl&quot;:false, &quot;lazyLoad&quot;: &quot;false&quot;, &quot;swipe&quot;: true, &quot;draggable&quot;: true, &quot;swipeToSlide&quot;:false }' dir=\"ltr\">\n\t\t<div class=\"swiper-wrapper\">\n\t\t<div class=\"swiper-slide\">\n\t<div class=\"wpcp-single-item\">\n\t\t\t<div class=\"wpcp-slide-image\">\n\t\t<img loading=\"lazy\" decoding=\"async\" class=\"skip-lazy\" src=\"https:\/\/staging.interamericancoalition-medtech.org\/regulatory-convergence\/wp-content\/uploads\/sites\/4\/2021\/06\/member_caprodi.jpg\" alt=\"member_caprodi\" width=\"240\" height=\"78\">\t<\/div>\n\t\t<\/div>\n<\/div>\n\t<div class=\"swiper-slide\">\n\t<div class=\"wpcp-single-item\">\n\t\t\t<div class=\"wpcp-slide-image\">\n\t\t<img loading=\"lazy\" decoding=\"async\" class=\"skip-lazy\" src=\"https:\/\/staging.interamericancoalition-medtech.org\/regulatory-convergence\/wp-content\/uploads\/sites\/4\/2021\/06\/member_aladdiv.jpg\" alt=\"member_aladdiv\" width=\"216\" height=\"100\">\t<\/div>\n\t\t<\/div>\n<\/div>\n\t<div class=\"swiper-slide\">\n\t<div class=\"wpcp-single-item\">\n\t\t\t<div class=\"wpcp-slide-image\">\n\t\t<img loading=\"lazy\" decoding=\"async\" class=\"skip-lazy\" src=\"https:\/\/staging.interamericancoalition-medtech.org\/regulatory-convergence\/wp-content\/uploads\/sites\/4\/2021\/06\/member_adimech.jpg\" alt=\"member_adimech\" width=\"240\" height=\"42\">\t<\/div>\n\t\t<\/div>\n<\/div>\n\t<div class=\"swiper-slide\">\n\t<div class=\"wpcp-single-item\">\n\t\t\t<div class=\"wpcp-slide-image\">\n\t\t<img loading=\"lazy\" decoding=\"async\" class=\"skip-lazy\" src=\"https:\/\/staging.interamericancoalition-medtech.org\/regulatory-convergence\/wp-content\/uploads\/sites\/4\/2021\/06\/member_abraldi.jpg\" alt=\"member_abraldi\" width=\"76\" height=\"100\">\t<\/div>\n\t\t<\/div>\n<\/div>\n\t<div class=\"swiper-slide\">\n\t<div class=\"wpcp-single-item\">\n\t\t\t<div class=\"wpcp-slide-image\">\n\t\t<img loading=\"lazy\" decoding=\"async\" class=\"skip-lazy\" src=\"https:\/\/staging.interamericancoalition-medtech.org\/regulatory-convergence\/wp-content\/uploads\/sites\/4\/2021\/06\/member_abimed.jpg\" alt=\"member_abimed\" width=\"240\" height=\"92\">\t<\/div>\n\t\t<\/div>\n<\/div>\n\t<div class=\"swiper-slide\">\n\t<div class=\"wpcp-single-item\">\n\t\t\t<div class=\"wpcp-slide-image\">\n\t\t<img loading=\"lazy\" decoding=\"async\" class=\"skip-lazy\" src=\"https:\/\/staging.interamericancoalition-medtech.org\/regulatory-convergence\/wp-content\/uploads\/sites\/4\/2021\/06\/member_abiis.jpg\" alt=\"member_abiis\" width=\"240\" height=\"38\">\t<\/div>\n\t\t<\/div>\n<\/div>\n\t<div class=\"swiper-slide\">\n\t<div class=\"wpcp-single-item\">\n\t\t\t<div class=\"wpcp-slide-image\">\n\t\t<img loading=\"lazy\" decoding=\"async\" class=\"skip-lazy\" src=\"https:\/\/staging.interamericancoalition-medtech.org\/regulatory-convergence\/wp-content\/uploads\/sites\/4\/2021\/06\/member_medtech_canada.jpg\" alt=\"member_medtech_canada\" width=\"229\" height=\"100\">\t<\/div>\n\t\t<\/div>\n<\/div>\n\t<div class=\"swiper-slide\">\n\t<div class=\"wpcp-single-item\">\n\t\t\t<div class=\"wpcp-slide-image\">\n\t\t<img loading=\"lazy\" decoding=\"async\" class=\"skip-lazy\" src=\"https:\/\/staging.interamericancoalition-medtech.org\/regulatory-convergence\/wp-content\/uploads\/sites\/4\/2021\/06\/member_comsalud.jpg\" alt=\"member_comsalud\" width=\"240\" height=\"79\">\t<\/div>\n\t\t<\/div>\n<\/div>\n\t<div class=\"swiper-slide\">\n\t<div class=\"wpcp-single-item\">\n\t\t\t<div class=\"wpcp-slide-image\">\n\t\t<img loading=\"lazy\" decoding=\"async\" class=\"skip-lazy\" src=\"https:\/\/staging.interamericancoalition-medtech.org\/regulatory-convergence\/wp-content\/uploads\/sites\/4\/2021\/06\/member_cadiem.jpg\" alt=\"member_cadiem\" width=\"240\" height=\"79\">\t<\/div>\n\t\t<\/div>\n<\/div>\n\t<div class=\"swiper-slide\">\n\t<div class=\"wpcp-single-item\">\n\t\t\t<div class=\"wpcp-slide-image\">\n\t\t<img loading=\"lazy\" decoding=\"async\" class=\"skip-lazy\" src=\"https:\/\/staging.interamericancoalition-medtech.org\/regulatory-convergence\/wp-content\/uploads\/sites\/4\/2021\/06\/member_cbdl.jpg\" alt=\"member_cbdl\" width=\"240\" height=\"84\">\t<\/div>\n\t\t<\/div>\n<\/div>\n\t<div class=\"swiper-slide\">\n\t<div class=\"wpcp-single-item\">\n\t\t\t<div class=\"wpcp-slide-image\">\n\t\t<img loading=\"lazy\" decoding=\"async\" class=\"skip-lazy\" src=\"https:\/\/staging.interamericancoalition-medtech.org\/regulatory-convergence\/wp-content\/uploads\/sites\/4\/2021\/06\/member_avedem.jpg\" alt=\"member_avedem\" width=\"240\" height=\"52\">\t<\/div>\n\t\t<\/div>\n<\/div>\n\t<div class=\"swiper-slide\">\n\t<div class=\"wpcp-single-item\">\n\t\t\t<div class=\"wpcp-slide-image\">\n\t\t<img loading=\"lazy\" decoding=\"async\" class=\"skip-lazy\" src=\"https:\/\/staging.interamericancoalition-medtech.org\/regulatory-convergence\/wp-content\/uploads\/sites\/4\/2021\/06\/member_asedim-1.jpg\" alt=\"member_asedim\" width=\"240\" height=\"100\">\t<\/div>\n\t\t<\/div>\n<\/div>\n\t<div class=\"swiper-slide\">\n\t<div class=\"wpcp-single-item\">\n\t\t\t<div class=\"wpcp-slide-image\">\n\t\t<img loading=\"lazy\" decoding=\"async\" class=\"skip-lazy\" src=\"https:\/\/staging.interamericancoalition-medtech.org\/regulatory-convergence\/wp-content\/uploads\/sites\/4\/2021\/06\/member_apis.jpg\" alt=\"member_apis\" width=\"240\" height=\"99\">\t<\/div>\n\t\t<\/div>\n<\/div>\n\t<div class=\"swiper-slide\">\n\t<div class=\"wpcp-single-item\">\n\t\t\t<div class=\"wpcp-slide-image\">\n\t\t<img loading=\"lazy\" decoding=\"async\" class=\"skip-lazy\" src=\"https:\/\/staging.interamericancoalition-medtech.org\/regulatory-convergence\/wp-content\/uploads\/sites\/4\/2021\/06\/member_andi.jpg\" alt=\"member_andi\" width=\"240\" height=\"64\">\t<\/div>\n\t\t<\/div>\n<\/div>\n\t<div class=\"swiper-slide\">\n\t<div class=\"wpcp-single-item\">\n\t\t\t<div class=\"wpcp-slide-image\">\n\t\t<img loading=\"lazy\" decoding=\"async\" class=\"skip-lazy\" src=\"https:\/\/staging.interamericancoalition-medtech.org\/regulatory-convergence\/wp-content\/uploads\/sites\/4\/2021\/06\/member_aldimed.jpg\" alt=\"member_aldimed\" width=\"240\" height=\"39\">\t<\/div>\n\t\t<\/div>\n<\/div>\n\t<div class=\"swiper-slide\">\n\t<div class=\"wpcp-single-item\">\n\t\t\t<div class=\"wpcp-slide-image\">\n\t\t<img loading=\"lazy\" decoding=\"async\" class=\"skip-lazy\" src=\"https:\/\/staging.interamericancoalition-medtech.org\/regulatory-convergence\/wp-content\/uploads\/sites\/4\/2021\/06\/member_amid.jpg\" alt=\"member_amid\" width=\"240\" height=\"98\">\t<\/div>\n\t\t<\/div>\n<\/div>\n\t<div class=\"swiper-slide\">\n\t<div class=\"wpcp-single-item\">\n\t\t\t<div class=\"wpcp-slide-image\">\n\t\t<img loading=\"lazy\" decoding=\"async\" class=\"skip-lazy\" src=\"https:\/\/staging.interamericancoalition-medtech.org\/regulatory-convergence\/wp-content\/uploads\/sites\/4\/2021\/06\/member_advamed.jpg\" alt=\"member_advamed\" width=\"240\" height=\"65\">\t<\/div>\n\t\t<\/div>\n<\/div>\n\t\t\t<\/div>\n\t\t\t\t\t<div class=\"wpcp-swiper-dots swiper-pagination\"><\/div>\n\t\t\t\t<!-- If we need navigation buttons -->\n\t\t\t\t\t<div class=\"wpcp-prev-button swiper-button-prev\"><i class=\"fa fa-angle-left\"><\/i><\/div>\n\t\t\t<div class=\"wpcp-next-button swiper-button-next\"><i class=\"fa fa-angle-right\"><\/i><\/div>\n\t\t\t<\/div>\n\t<\/div>\n<\/div>\n\n<\/div><\/section>\n","protected":false},"excerpt":{"rendered":"<p>Alineados con la Visi\u00f3n y Misi\u00f3n de la Coalici\u00f3n, implementamos diversos proyectos relacionados con el avance de los procesos de convergencia regulatoria en toda la regi\u00f3n. En esta secci\u00f3n encontrar\u00e1s informaci\u00f3n \u00fatil sobre los siguientes temas:<\/p>\n","protected":false},"author":1,"featured_media":0,"parent":0,"menu_order":5,"comment_status":"closed","ping_status":"closed","template":"","meta":{"_acf_changed":false,"ub_ctt_via":"","footnotes":""},"class_list":["post-1786","page","type-page","status-publish","hentry","description-off"],"acf":[],"featured_image_src":null,"yoast_head":"<!-- This site is optimized with the Yoast SEO plugin v24.4 - https:\/\/yoast.com\/wordpress\/plugins\/seo\/ -->\n<title>Proyectos - Regulatory Convergence<\/title>\n<meta name=\"robots\" content=\"index, follow, max-snippet:-1, max-image-preview:large, max-video-preview:-1\" \/>\n<link rel=\"canonical\" href=\"https:\/\/staging.interamericancoalition-medtech.org\/regulatory-convergence\/projects\/?lang=es\" \/>\n<meta property=\"og:locale\" content=\"en_US\" \/>\n<meta property=\"og:type\" content=\"article\" \/>\n<meta property=\"og:title\" content=\"Proyectos - Regulatory Convergence\" \/>\n<meta property=\"og:description\" content=\"Alineados con la Visi\u00f3n y Misi\u00f3n de la Coalici\u00f3n, implementamos diversos proyectos relacionados con el avance de los procesos de convergencia regulatoria en toda la regi\u00f3n. En esta secci\u00f3n encontrar\u00e1s informaci\u00f3n \u00fatil sobre los siguientes temas:\" \/>\n<meta property=\"og:url\" content=\"https:\/\/staging.interamericancoalition-medtech.org\/regulatory-convergence\/projects\/?lang=es\" \/>\n<meta property=\"og:site_name\" content=\"Regulatory Convergence\" \/>\n<meta property=\"article:modified_time\" content=\"2021-07-12T17:53:54+00:00\" \/>\n<meta name=\"twitter:card\" content=\"summary_large_image\" \/>\n<meta name=\"twitter:label1\" content=\"Est. reading time\" \/>\n\t<meta name=\"twitter:data1\" content=\"1 minute\" \/>\n<script type=\"application\/ld+json\" class=\"yoast-schema-graph\">{\"@context\":\"https:\/\/schema.org\",\"@graph\":[{\"@type\":\"WebPage\",\"@id\":\"https:\/\/staging.interamericancoalition-medtech.org\/regulatory-convergence\/projects\/?lang=es\",\"url\":\"https:\/\/staging.interamericancoalition-medtech.org\/regulatory-convergence\/projects\/?lang=es\",\"name\":\"Proyectos - Regulatory Convergence\",\"isPartOf\":{\"@id\":\"https:\/\/staging.interamericancoalition-medtech.org\/regulatory-convergence\/?lang=es\/#website\"},\"datePublished\":\"2021-06-18T13:11:44+00:00\",\"dateModified\":\"2021-07-12T17:53:54+00:00\",\"breadcrumb\":{\"@id\":\"https:\/\/staging.interamericancoalition-medtech.org\/regulatory-convergence\/projects\/?lang=es#breadcrumb\"},\"inLanguage\":\"en-US\",\"potentialAction\":[{\"@type\":\"ReadAction\",\"target\":[\"https:\/\/staging.interamericancoalition-medtech.org\/regulatory-convergence\/projects\/?lang=es\"]}]},{\"@type\":\"BreadcrumbList\",\"@id\":\"https:\/\/staging.interamericancoalition-medtech.org\/regulatory-convergence\/projects\/?lang=es#breadcrumb\",\"itemListElement\":[{\"@type\":\"ListItem\",\"position\":1,\"name\":\"Home\",\"item\":\"https:\/\/staging.interamericancoalition-medtech.org\/regulatory-convergence\/\"},{\"@type\":\"ListItem\",\"position\":2,\"name\":\"Proyectos\"}]},{\"@type\":\"WebSite\",\"@id\":\"https:\/\/staging.interamericancoalition-medtech.org\/regulatory-convergence\/?lang=es\/#website\",\"url\":\"https:\/\/staging.interamericancoalition-medtech.org\/regulatory-convergence\/?lang=es\/\",\"name\":\"Regulatory Convergence\",\"description\":\"Inter-American Coalition\",\"potentialAction\":[{\"@type\":\"SearchAction\",\"target\":{\"@type\":\"EntryPoint\",\"urlTemplate\":\"https:\/\/staging.interamericancoalition-medtech.org\/regulatory-convergence\/?lang=es\/?s={search_term_string}\"},\"query-input\":{\"@type\":\"PropertyValueSpecification\",\"valueRequired\":true,\"valueName\":\"search_term_string\"}}],\"inLanguage\":\"en-US\"}]}<\/script>\n<!-- \/ Yoast SEO plugin. -->","yoast_head_json":{"title":"Proyectos - Regulatory Convergence","robots":{"index":"index","follow":"follow","max-snippet":"max-snippet:-1","max-image-preview":"max-image-preview:large","max-video-preview":"max-video-preview:-1"},"canonical":"https:\/\/staging.interamericancoalition-medtech.org\/regulatory-convergence\/projects\/?lang=es","og_locale":"en_US","og_type":"article","og_title":"Proyectos - Regulatory Convergence","og_description":"Alineados con la Visi\u00f3n y Misi\u00f3n de la Coalici\u00f3n, implementamos diversos proyectos relacionados con el avance de los procesos de convergencia regulatoria en toda la regi\u00f3n. En esta secci\u00f3n encontrar\u00e1s informaci\u00f3n \u00fatil sobre los siguientes temas:","og_url":"https:\/\/staging.interamericancoalition-medtech.org\/regulatory-convergence\/projects\/?lang=es","og_site_name":"Regulatory Convergence","article_modified_time":"2021-07-12T17:53:54+00:00","twitter_card":"summary_large_image","twitter_misc":{"Est. reading time":"1 minute"},"schema":{"@context":"https:\/\/schema.org","@graph":[{"@type":"WebPage","@id":"https:\/\/staging.interamericancoalition-medtech.org\/regulatory-convergence\/projects\/?lang=es","url":"https:\/\/staging.interamericancoalition-medtech.org\/regulatory-convergence\/projects\/?lang=es","name":"Proyectos - Regulatory Convergence","isPartOf":{"@id":"https:\/\/staging.interamericancoalition-medtech.org\/regulatory-convergence\/?lang=es\/#website"},"datePublished":"2021-06-18T13:11:44+00:00","dateModified":"2021-07-12T17:53:54+00:00","breadcrumb":{"@id":"https:\/\/staging.interamericancoalition-medtech.org\/regulatory-convergence\/projects\/?lang=es#breadcrumb"},"inLanguage":"en-US","potentialAction":[{"@type":"ReadAction","target":["https:\/\/staging.interamericancoalition-medtech.org\/regulatory-convergence\/projects\/?lang=es"]}]},{"@type":"BreadcrumbList","@id":"https:\/\/staging.interamericancoalition-medtech.org\/regulatory-convergence\/projects\/?lang=es#breadcrumb","itemListElement":[{"@type":"ListItem","position":1,"name":"Home","item":"https:\/\/staging.interamericancoalition-medtech.org\/regulatory-convergence\/"},{"@type":"ListItem","position":2,"name":"Proyectos"}]},{"@type":"WebSite","@id":"https:\/\/staging.interamericancoalition-medtech.org\/regulatory-convergence\/?lang=es\/#website","url":"https:\/\/staging.interamericancoalition-medtech.org\/regulatory-convergence\/?lang=es\/","name":"Regulatory Convergence","description":"Inter-American Coalition","potentialAction":[{"@type":"SearchAction","target":{"@type":"EntryPoint","urlTemplate":"https:\/\/staging.interamericancoalition-medtech.org\/regulatory-convergence\/?lang=es\/?s={search_term_string}"},"query-input":{"@type":"PropertyValueSpecification","valueRequired":true,"valueName":"search_term_string"}}],"inLanguage":"en-US"}]}},"uagb_featured_image_src":{"full":false,"thumbnail":false,"medium":false,"medium_large":false,"large":false,"1536x1536":false,"2048x2048":false},"uagb_author_info":{"display_name":"Guilherme Guain","author_link":"https:\/\/staging.interamericancoalition-medtech.org\/regulatory-convergence\/author\/guilherme-guain\/"},"uagb_comment_info":0,"uagb_excerpt":"Alineados con la Visi\u00f3n y Misi\u00f3n de la Coalici\u00f3n, implementamos diversos proyectos relacionados con el avance de los procesos de convergencia regulatoria en toda la regi\u00f3n. En esta secci\u00f3n encontrar\u00e1s informaci\u00f3n \u00fatil sobre los siguientes temas:","_links":{"self":[{"href":"https:\/\/staging.interamericancoalition-medtech.org\/regulatory-convergence\/wp-json\/wp\/v2\/pages\/1786","targetHints":{"allow":["GET"]}}],"collection":[{"href":"https:\/\/staging.interamericancoalition-medtech.org\/regulatory-convergence\/wp-json\/wp\/v2\/pages"}],"about":[{"href":"https:\/\/staging.interamericancoalition-medtech.org\/regulatory-convergence\/wp-json\/wp\/v2\/types\/page"}],"author":[{"embeddable":true,"href":"https:\/\/staging.interamericancoalition-medtech.org\/regulatory-convergence\/wp-json\/wp\/v2\/users\/1"}],"replies":[{"embeddable":true,"href":"https:\/\/staging.interamericancoalition-medtech.org\/regulatory-convergence\/wp-json\/wp\/v2\/comments?post=1786"}],"version-history":[{"count":3,"href":"https:\/\/staging.interamericancoalition-medtech.org\/regulatory-convergence\/wp-json\/wp\/v2\/pages\/1786\/revisions"}],"predecessor-version":[{"id":2353,"href":"https:\/\/staging.interamericancoalition-medtech.org\/regulatory-convergence\/wp-json\/wp\/v2\/pages\/1786\/revisions\/2353"}],"wp:attachment":[{"href":"https:\/\/staging.interamericancoalition-medtech.org\/regulatory-convergence\/wp-json\/wp\/v2\/media?parent=1786"}],"curies":[{"name":"wp","href":"https:\/\/api.w.org\/{rel}","templated":true}]}}